{"id":529,"date":"2022-07-18T12:02:01","date_gmt":"2022-07-18T12:02:01","guid":{"rendered":"https:\/\/neuronthemes.com\/conlectio\/?page_id=529"},"modified":"2025-04-22T20:36:09","modified_gmt":"2025-04-22T19:36:09","slug":"about-us","status":"publish","type":"page","link":"https:\/\/lamarcamalaga.com\/fr\/about-us\/","title":{"rendered":"Nous"},"content":{"rendered":"<div data-elementor-type=\"wp-page\" data-elementor-id=\"529\" class=\"elementor elementor-529\" wpc-filter-elementor-widget=\"1\">\n\t\t\t\t<div class=\"elementor-element elementor-element-79a97fd e-flex e-con-boxed e-con e-parent\" data-id=\"79a97fd\" data-element_type=\"container\" data-e-type=\"container\" data-settings=\"{&quot;background_background&quot;:&quot;classic&quot;}\">\n\t\t\t\t\t<div class=\"e-con-inner\">\n\t\t\t\t<div class=\"elementor-element elementor-element-1b80c5b elementor-widget elementor-widget-heading\" data-id=\"1b80c5b\" data-element_type=\"widget\" data-e-type=\"widget\" data-widget_type=\"heading.default\">\n\t\t\t\t<div class=\"elementor-widget-container\">\n\t\t\t\t\t<p class=\"elementor-heading-title elementor-size-default\">Nous<\/p>\t\t\t\t<\/div>\n\t\t\t\t<\/div>\n\t\t\t\t<div class=\"elementor-element elementor-element-9a047b5 a-animated-heading__direction-column a-animated-heading__direction-tablet-column elementor-widget elementor-widget-neuron-animated-heading\" data-id=\"9a047b5\" data-element_type=\"widget\" data-e-type=\"widget\" data-settings=\"{&quot;animated_animation&quot;:&quot;h-neuron-animation--scaleIn&quot;,&quot;animated_text&quot;:&quot;Qui\\u00e9nes somos&quot;,&quot;neuron_animations_duration&quot;:&quot;animated-slow&quot;,&quot;animation_delay&quot;:100,&quot;style&quot;:&quot;animated&quot;,&quot;animated_type&quot;:&quot;line&quot;}\" data-widget_type=\"neuron-animated-heading.default\">\n\t\t\t\t<div class=\"elementor-widget-container\">\n\t\t\t\t\t\t\t<h1 class=\"a-animated-heading a-animated-heading--animated a-animated-heading--animated__line\" data-id=\"9a047b5\">\r\n\r\n\t\t\t\r\n\t\t\t<span class=\"a-animated-heading__text--dynamic-wrapper a-animated-heading__text\"><\/span>\r\n\r\n\t\t\t\r\n\t\t<\/h1>\r\n\t\t\t\t\t\t<\/div>\n\t\t\t\t<\/div>\n\t\t\t\t<div class=\"elementor-element elementor-element-cfb05b3 elementor-view-default elementor-widget elementor-widget-icon\" data-id=\"cfb05b3\" data-element_type=\"widget\" data-e-type=\"widget\" data-widget_type=\"icon.default\">\n\t\t\t\t<div class=\"elementor-widget-container\">\n\t\t\t\t\t\t\t<div class=\"elementor-icon-wrapper\">\n\t\t\t<div class=\"elementor-icon\">\n\t\t\t<i aria-hidden=\"true\" class=\"n-icon n-icon-chevron\"><\/i>\t\t\t<\/div>\n\t\t<\/div>\n\t\t\t\t\t\t<\/div>\n\t\t\t\t<\/div>\n\t\t\t\t\t<\/div>\n\t\t\t\t<\/div>\n\t\t<div class=\"elementor-element elementor-element-0fe4bdb e-flex e-con-boxed e-con e-parent\" data-id=\"0fe4bdb\" data-element_type=\"container\" data-e-type=\"container\" data-settings=\"{&quot;background_background&quot;:&quot;classic&quot;}\">\n\t\t\t\t\t<div class=\"e-con-inner\">\n\t\t<div class=\"elementor-element elementor-element-53604da e-con-full e-flex e-con e-child\" data-id=\"53604da\" data-element_type=\"container\" data-e-type=\"container\">\n\t\t\t\t<div class=\"elementor-element elementor-element-8e3cd9a elementor-widget elementor-widget-heading\" data-id=\"8e3cd9a\" data-element_type=\"widget\" data-e-type=\"widget\" data-widget_type=\"heading.default\">\n\t\t\t\t<div class=\"elementor-widget-container\">\n\t\t\t\t\t<h2 class=\"elementor-heading-title elementor-size-default\">Notre famille<\/h2>\t\t\t\t<\/div>\n\t\t\t\t<\/div>\n\t\t\t\t<div class=\"elementor-element elementor-element-facc884 elementor-widget elementor-widget-text-editor\" data-id=\"facc884\" data-element_type=\"widget\" data-e-type=\"widget\" data-widget_type=\"text-editor.default\">\n\t\t\t\t<div class=\"elementor-widget-container\">\n\t\t\t\t\t\t\t\t\t<p>Dans notre restaurant, l'art de la bonne table fusionne avec la passion pour la viande et le vin. Forts de plus de huit ans d'histoire, nous sommes pass\u00e9s d'un grill argentin traditionnel \u00e0 un espace gastronomique moderne, o\u00f9 le feu reste l'\u00e2me de notre cuisine, mais avec une vision innovante.<\/p>\n<p>Sous la nouvelle direction d'Alicia et Franco, nous continuons d'honorer nos racines argentines avec des coupes s\u00e9lectionn\u00e9es et des vins exceptionnels, mais nous explorons \u00e9galement de nouvelles saveurs et techniques, comme notre brioche de b\u0153uf \u00e0 basse temp\u00e9rature. De plus, avec sa certification WSET 3 en vins, Franco porte notre carte \u00e0 un autre niveau, en y int\u00e9grant une s\u00e9lection d'\u00e9tiquettes internationales de l'ancien et du nouveau monde.<\/p>\t\t\t\t\t\t\t\t<\/div>\n\t\t\t\t<\/div>\n\t\t\t\t<\/div>\n\t\t<div class=\"elementor-element elementor-element-52e2e8d e-con-full e-flex e-con e-child\" data-id=\"52e2e8d\" data-element_type=\"container\" data-e-type=\"container\" data-settings=\"{&quot;background_background&quot;:&quot;classic&quot;}\">\n\t\t\t\t<\/div>\n\t\t\t\t\t<\/div>\n\t\t\t\t<\/div>\n\t\t<div class=\"elementor-element elementor-element-e5b9a02 e-flex e-con-boxed e-con e-parent\" data-id=\"e5b9a02\" data-element_type=\"container\" data-e-type=\"container\" data-settings=\"{&quot;background_background&quot;:&quot;classic&quot;}\">\n\t\t\t\t\t<div class=\"e-con-inner\">\n\t\t<div class=\"elementor-element elementor-element-649a261 e-con-full e-flex e-con e-child\" data-id=\"649a261\" data-element_type=\"container\" data-e-type=\"container\">\n\t\t\t\t<div class=\"elementor-element elementor-element-65fddca elementor-widget elementor-widget-text-editor\" data-id=\"65fddca\" data-element_type=\"widget\" data-e-type=\"widget\" data-widget_type=\"text-editor.default\">\n\t\t\t\t<div class=\"elementor-widget-container\">\n\t\t\t\t\t\t\t\t\t<p>Bien, notre \u00e9tablissement est bien plus que sa cuisine et sa cave. Chaque recoin a une histoire \u00e0 raconter. La structure, les meubles, les tables et la d\u00e9coration ont \u00e9t\u00e9 fabriqu\u00e9s \u00e0 la main par notre famille et, en particulier, par Fabi\u00e1n et Mariano, le p\u00e8re et l'oncle de Franco, dans le but de cr\u00e9er un espace avec une \u00e2me, o\u00f9 chaque d\u00e9tail refl\u00e8te notre amour pour l'hospitalit\u00e9 et la tradition.<\/p><p>Plus qu'un restaurant, nous voulons \u00eatre un lieu o\u00f9 les amateurs de vin et ceux qui souhaitent se plonger dans cet univers fascinant puissent d\u00e9couvrir, apprendre, nous enseigner et profiter des nouvelles tendances. Ici, le bien manger et le bien boire se savourent sans h\u00e2te, dans une exp\u00e9rience unique qui \u00e9veille les sens.<\/p>\t\t\t\t\t\t\t\t<\/div>\n\t\t\t\t<\/div>\n\t\t\t\t<\/div>\n\t\t<div class=\"elementor-element elementor-element-84983f6 e-con-full e-flex e-con e-child\" data-id=\"84983f6\" data-element_type=\"container\" data-e-type=\"container\" data-settings=\"{&quot;background_background&quot;:&quot;classic&quot;}\">\n\t\t\t\t<\/div>\n\t\t\t\t\t<\/div>\n\t\t\t\t<\/div>\n\t\t<div class=\"elementor-element elementor-element-5be9123 e-flex e-con-boxed e-con e-parent\" data-id=\"5be9123\" data-element_type=\"container\" data-e-type=\"container\" data-settings=\"{&quot;background_background&quot;:&quot;classic&quot;}\">\n\t\t\t\t\t<div class=\"e-con-inner\">\n\t\t<div class=\"elementor-element elementor-element-5419d1f e-con-full e-flex e-con e-child\" data-id=\"5419d1f\" data-element_type=\"container\" data-e-type=\"container\">\n\t\t\t\t<div class=\"elementor-element elementor-element-4d93808 neuron-dots--animation__none l-neuron-testimonial--image-inline l-neuron-testimonial--alignment__center neuron-swiper--overflow-hidden neuron-swiper--overflow-hidden neuron-swiper--overflow-hidden neuron-dots--style__bullets neuron-dots--orientation__horizontal elementor-invisible elementor-widget elementor-widget-neuron-testimonial-carousel\" data-id=\"4d93808\" data-element_type=\"widget\" data-e-type=\"widget\" data-settings=\"{&quot;navigation&quot;:&quot;dots&quot;,&quot;slides_to_scroll_mobile&quot;:&quot;1&quot;,&quot;neuron_animations_mobile&quot;:&quot;h-neuron-animation--fadeIn&quot;,&quot;slides_per_view&quot;:&quot;1&quot;,&quot;slides_per_view_tablet&quot;:&quot;1&quot;,&quot;slides_per_view_mobile&quot;:&quot;1&quot;,&quot;slides_to_scroll&quot;:&quot;1&quot;,&quot;infinite&quot;:&quot;yes&quot;,&quot;pause_on_hover&quot;:&quot;yes&quot;,&quot;autoplay&quot;:&quot;no&quot;,&quot;animation&quot;:&quot;yes&quot;,&quot;neuron_animations&quot;:&quot;h-neuron-animation--slideUp&quot;,&quot;animation_delay&quot;:100,&quot;animation_delay_reset&quot;:300,&quot;transition&quot;:&quot;slide&quot;,&quot;transition_speed&quot;:500,&quot;space_between&quot;:{&quot;unit&quot;:&quot;px&quot;,&quot;size&quot;:30,&quot;sizes&quot;:[]},&quot;space_between_tablet&quot;:{&quot;unit&quot;:&quot;px&quot;,&quot;size&quot;:10,&quot;sizes&quot;:[]},&quot;space_between_mobile&quot;:{&quot;unit&quot;:&quot;px&quot;,&quot;size&quot;:10,&quot;sizes&quot;:[]},&quot;dots_style&quot;:&quot;bullets&quot;}\" data-widget_type=\"neuron-testimonial-carousel.default\">\n\t\t\t\t<div class=\"elementor-widget-container\">\n\t\t\t\t\t\t\t<div class=\"neuron-swiper\">\r\n\t\t\t<div class=\"neuron-slides-wrapper neuron-main-swiper swiper-container\" data-animation-id=\"f9a51c0c7eaebf5710eb3aa5c614182e\">\r\n\t\t\t\t\t\t\t\t<div class=\"swiper-wrapper neuron-slides\">\r\n\t\t\t\t\t\t\t\t\t\t\t<div class=\"m-neuron-testimonial h-neuron-animation--wow elementor-repeater-item-8ba93a1 swiper-slide\">\r\n\t\t\t\t\t\t\t\t\t\t\t\t\t\t\t\t\t\t\t\t\t\t<div class=\"m-neuron-testimonial__content\">\r\n\t\t\t\t\t\t\t\t\t\t\t\t\t\t\t\t\t\t\t<div class=\"m-neuron-testimonial__text\">\"Cuisiner implique une \u00e9norme g\u00e9n\u00e9rosit\u00e9, \u00e0 l'instar du bon vin qui s'am\u00e9liore avec le temps et la passion.\"<\/div>\r\n\t\t\t\t\t\t\t\t\t\t\t\t\t\t\t\t\t\t\t\t\t\t\t\t\t\t<\/div>\r\n\t\t\t\t\t\t\t\t\t\t\t\t\t\t<div class=\"m-neuron-testimonial__footer\">\r\n\t\t\t\t\t\t\t\t\t\t\t\t\t\t\t\t\t\t\t\t\t\t\t\t\t<div class=\"m-neuron-testimonial__cite\">\r\n\t\t\t\t\t\t\t\t\t\t\t\t\t\t\t\t\t\t\t\t\t<span class=\"m-neuron-testimonial__name\">Ferran Adri\u00e0<\/span>\r\n\t\t\t\t\t\t\t\t\t\t\t\t\t\t\t\t\t\t\t\t\t\t\t\t\t\t\t\t\t<\/div>\r\n\t\t\t\t\t\t\t\t\t\t\t\t\t\t\t<\/div>\r\n\t\t\t\t\t\t<\/div>\r\n\t\t\t\t\t\t\t\t\t\t\t<div class=\"m-neuron-testimonial h-neuron-animation--wow elementor-repeater-item-557a01f swiper-slide\">\r\n\t\t\t\t\t\t\t\t\t\t\t\t\t\t\t\t\t\t\t\t\t\t<div class=\"m-neuron-testimonial__content\">\r\n\t\t\t\t\t\t\t\t\t\t\t\t\t\t\t\t\t\t\t<div class=\"m-neuron-testimonial__text\">\"Le vin fait de chaque repas une occasion, de chaque table un endroit plus \u00e9l\u00e9gant et de chaque journ\u00e9e quelque chose de sp\u00e9cial.\"<\/div>\r\n\t\t\t\t\t\t\t\t\t\t\t\t\t\t\t\t\t\t\t\t\t\t\t\t\t\t<\/div>\r\n\t\t\t\t\t\t\t\t\t\t\t\t\t\t<div class=\"m-neuron-testimonial__footer\">\r\n\t\t\t\t\t\t\t\t\t\t\t\t\t\t\t\t\t\t\t\t\t\t\t\t\t<div class=\"m-neuron-testimonial__cite\">\r\n\t\t\t\t\t\t\t\t\t\t\t\t\t\t\t\t\t\t\t\t\t<span class=\"m-neuron-testimonial__name\">Andr\u00e9 Simon<\/span>\r\n\t\t\t\t\t\t\t\t\t\t\t\t\t\t\t\t\t\t\t\t\t\t\t\t\t\t\t\t\t<\/div>\r\n\t\t\t\t\t\t\t\t\t\t\t\t\t\t\t<\/div>\r\n\t\t\t\t\t\t<\/div>\r\n\t\t\t\t\t\t\t\t\t\t\t<div class=\"m-neuron-testimonial h-neuron-animation--wow elementor-repeater-item-63a19d9 swiper-slide\">\r\n\t\t\t\t\t\t\t\t\t\t\t\t\t\t\t\t\t\t\t\t\t\t<div class=\"m-neuron-testimonial__content\">\r\n\t\t\t\t\t\t\t\t\t\t\t\t\t\t\t\t\t\t\t<div class=\"m-neuron-testimonial__text\">\"La d\u00e9couverte d'un nouveau plat contribue plus au bonheur de l'humanit\u00e9 que la d\u00e9couverte d'une \u00e9toile.\"<\/div>\r\n\t\t\t\t\t\t\t\t\t\t\t\t\t\t\t\t\t\t\t\t\t\t\t\t\t\t<\/div>\r\n\t\t\t\t\t\t\t\t\t\t\t\t\t\t<div class=\"m-neuron-testimonial__footer\">\r\n\t\t\t\t\t\t\t\t\t\t\t\t\t\t\t\t\t\t\t\t\t\t\t\t\t<div class=\"m-neuron-testimonial__cite\">\r\n\t\t\t\t\t\t\t\t\t\t\t\t\t\t\t\t\t\t\t\t\t<span class=\"m-neuron-testimonial__name\">Jean Anthelme Brillat-Savarin<\/span>\r\n\t\t\t\t\t\t\t\t\t\t\t\t\t\t\t\t\t\t\t\t\t\t\t\t\t\t\t\t\t<\/div>\r\n\t\t\t\t\t\t\t\t\t\t\t\t\t\t\t<\/div>\r\n\t\t\t\t\t\t<\/div>\r\n\t\t\t\t\t\t\t\t\t<\/div>\r\n\t\t\t<\/div>\r\n\r\n\t\t\t\r\n\t\t\t\t\r\n\t\t\t\t\t\t\t\t\t<div class=\"swiper-pagination neuron-swiper-dots\"><\/div>\r\n\t\t\t\t\t\t\t\t\r\n\t\t\t\t\r\n\t\t\t\t\t\t\t\r\n\t\t<\/div>\r\n\t\t\t\t\t\t<\/div>\n\t\t\t\t<\/div>\n\t\t\t\t<\/div>\n\t\t\t\t\t<\/div>\n\t\t\t\t<\/div>\n\t\t\t\t<\/div>","protected":false},"excerpt":{"rendered":"<p>Nosotros Nuestra familia En nuestro restaurante, el arte de la buena mesa se fusiona con la pasi\u00f3n por la carne y el vino. Con m\u00e1s de ocho a\u00f1os de historia, evolucionamos de una tradicional parrilla Argentina a un espacio gastron\u00f3mico moderno, donde el fuego sigue siendo el alma de nuestra cocina, pero con una visi\u00f3n&#8230;<\/p>","protected":false},"author":1,"featured_media":0,"parent":0,"menu_order":0,"comment_status":"closed","ping_status":"closed","template":"","meta":{"_acf_changed":false,"footnotes":""},"class_list":["post-529","page","type-page","status-publish","hentry"],"acf":[],"yoast_head":"<!-- This site is optimized with the Yoast SEO plugin v27.3 - https:\/\/yoast.com\/product\/yoast-seo-wordpress\/ -->\n<title>Nosotros - La Marca<\/title>\n<meta name=\"robots\" content=\"index, follow, max-snippet:-1, max-image-preview:large, max-video-preview:-1\" \/>\n<link rel=\"canonical\" href=\"https:\/\/lamarcamalaga.com\/fr\/about-us\/\" \/>\n<meta property=\"og:locale\" content=\"fr_FR\" \/>\n<meta property=\"og:type\" content=\"article\" \/>\n<meta property=\"og:title\" content=\"Nosotros - La Marca\" \/>\n<meta property=\"og:description\" content=\"Nosotros Nuestra familia En nuestro restaurante, el arte de la buena mesa se fusiona con la pasi\u00f3n por la carne y el vino. Con m\u00e1s de ocho a\u00f1os de historia, evolucionamos de una tradicional parrilla Argentina a un espacio gastron\u00f3mico moderno, donde el fuego sigue siendo el alma de nuestra cocina, pero con una visi\u00f3n...\" \/>\n<meta property=\"og:url\" content=\"https:\/\/lamarcamalaga.com\/fr\/about-us\/\" \/>\n<meta property=\"og:site_name\" content=\"La Marca\" \/>\n<meta property=\"article:modified_time\" content=\"2025-04-22T19:36:09+00:00\" \/>\n<meta property=\"og:image\" content=\"https:\/\/lamarcamalaga.com\/wp-content\/uploads\/2025\/04\/hero-scaled.jpg\" \/>\n\t<meta property=\"og:image:width\" content=\"2560\" \/>\n\t<meta property=\"og:image:height\" content=\"1707\" \/>\n\t<meta property=\"og:image:type\" content=\"image\/jpeg\" \/>\n<meta name=\"twitter:card\" content=\"summary_large_image\" \/>\n<meta name=\"twitter:label1\" content=\"Dur\u00e9e de lecture estim\u00e9e\" \/>\n\t<meta name=\"twitter:data1\" content=\"2 minutes\" \/>\n<script type=\"application\/ld+json\" class=\"yoast-schema-graph\">{\"@context\":\"https:\\\/\\\/schema.org\",\"@graph\":[{\"@type\":\"WebPage\",\"@id\":\"https:\\\/\\\/lamarcamalaga.com\\\/about-us\\\/\",\"url\":\"https:\\\/\\\/lamarcamalaga.com\\\/about-us\\\/\",\"name\":\"Nosotros - La Marca\",\"isPartOf\":{\"@id\":\"https:\\\/\\\/lamarcamalaga.com\\\/en\\\/#website\"},\"datePublished\":\"2022-07-18T12:02:01+00:00\",\"dateModified\":\"2025-04-22T19:36:09+00:00\",\"breadcrumb\":{\"@id\":\"https:\\\/\\\/lamarcamalaga.com\\\/about-us\\\/#breadcrumb\"},\"inLanguage\":\"fr-FR\",\"potentialAction\":[{\"@type\":\"ReadAction\",\"target\":[\"https:\\\/\\\/lamarcamalaga.com\\\/about-us\\\/\"]}]},{\"@type\":\"BreadcrumbList\",\"@id\":\"https:\\\/\\\/lamarcamalaga.com\\\/about-us\\\/#breadcrumb\",\"itemListElement\":[{\"@type\":\"ListItem\",\"position\":1,\"name\":\"Portada\",\"item\":\"https:\\\/\\\/lamarcamalaga.com\\\/\"},{\"@type\":\"ListItem\",\"position\":2,\"name\":\"Nosotros\"}]},{\"@type\":\"WebSite\",\"@id\":\"https:\\\/\\\/lamarcamalaga.com\\\/en\\\/#website\",\"url\":\"https:\\\/\\\/lamarcamalaga.com\\\/en\\\/\",\"name\":\"La Marca\",\"description\":\"Restaurante en M\u00e1laga\",\"publisher\":{\"@id\":\"https:\\\/\\\/lamarcamalaga.com\\\/en\\\/#organization\"},\"alternateName\":\"La Marca\",\"potentialAction\":[{\"@type\":\"SearchAction\",\"target\":{\"@type\":\"EntryPoint\",\"urlTemplate\":\"https:\\\/\\\/lamarcamalaga.com\\\/en\\\/?s={search_term_string}\"},\"query-input\":{\"@type\":\"PropertyValueSpecification\",\"valueRequired\":true,\"valueName\":\"search_term_string\"}}],\"inLanguage\":\"fr-FR\"},{\"@type\":\"Organization\",\"@id\":\"https:\\\/\\\/lamarcamalaga.com\\\/en\\\/#organization\",\"name\":\"La Marca\",\"alternateName\":\"La Marca\",\"url\":\"https:\\\/\\\/lamarcamalaga.com\\\/en\\\/\",\"logo\":{\"@type\":\"ImageObject\",\"inLanguage\":\"fr-FR\",\"@id\":\"https:\\\/\\\/lamarcamalaga.com\\\/en\\\/#\\\/schema\\\/logo\\\/image\\\/\",\"url\":\"https:\\\/\\\/lamarcamalaga.com\\\/wp-content\\\/uploads\\\/2025\\\/03\\\/hor-soil.svg\",\"contentUrl\":\"https:\\\/\\\/lamarcamalaga.com\\\/wp-content\\\/uploads\\\/2025\\\/03\\\/hor-soil.svg\",\"width\":1117,\"height\":268,\"caption\":\"La Marca\"},\"image\":{\"@id\":\"https:\\\/\\\/lamarcamalaga.com\\\/en\\\/#\\\/schema\\\/logo\\\/image\\\/\"}}]}<\/script>\n<!-- \/ Yoast SEO plugin. -->","yoast_head_json":{"title":"Nosotros - La Marca","robots":{"index":"index","follow":"follow","max-snippet":"max-snippet:-1","max-image-preview":"max-image-preview:large","max-video-preview":"max-video-preview:-1"},"canonical":"https:\/\/lamarcamalaga.com\/fr\/about-us\/","og_locale":"fr_FR","og_type":"article","og_title":"Nosotros - La Marca","og_description":"Nosotros Nuestra familia En nuestro restaurante, el arte de la buena mesa se fusiona con la pasi\u00f3n por la carne y el vino. Con m\u00e1s de ocho a\u00f1os de historia, evolucionamos de una tradicional parrilla Argentina a un espacio gastron\u00f3mico moderno, donde el fuego sigue siendo el alma de nuestra cocina, pero con una visi\u00f3n...","og_url":"https:\/\/lamarcamalaga.com\/fr\/about-us\/","og_site_name":"La Marca","article_modified_time":"2025-04-22T19:36:09+00:00","og_image":[{"width":2560,"height":1707,"url":"https:\/\/lamarcamalaga.com\/wp-content\/uploads\/2025\/04\/hero-scaled.jpg","type":"image\/jpeg"}],"twitter_card":"summary_large_image","twitter_misc":{"Dur\u00e9e de lecture estim\u00e9e":"2 minutes"},"schema":{"@context":"https:\/\/schema.org","@graph":[{"@type":"WebPage","@id":"https:\/\/lamarcamalaga.com\/about-us\/","url":"https:\/\/lamarcamalaga.com\/about-us\/","name":"Nosotros - La Marca","isPartOf":{"@id":"https:\/\/lamarcamalaga.com\/en\/#website"},"datePublished":"2022-07-18T12:02:01+00:00","dateModified":"2025-04-22T19:36:09+00:00","breadcrumb":{"@id":"https:\/\/lamarcamalaga.com\/about-us\/#breadcrumb"},"inLanguage":"fr-FR","potentialAction":[{"@type":"ReadAction","target":["https:\/\/lamarcamalaga.com\/about-us\/"]}]},{"@type":"BreadcrumbList","@id":"https:\/\/lamarcamalaga.com\/about-us\/#breadcrumb","itemListElement":[{"@type":"ListItem","position":1,"name":"Portada","item":"https:\/\/lamarcamalaga.com\/"},{"@type":"ListItem","position":2,"name":"Nosotros"}]},{"@type":"WebSite","@id":"https:\/\/lamarcamalaga.com\/en\/#website","url":"https:\/\/lamarcamalaga.com\/en\/","name":"La Marca","description":"Restaurante en M\u00e1laga","publisher":{"@id":"https:\/\/lamarcamalaga.com\/en\/#organization"},"alternateName":"La Marca","potentialAction":[{"@type":"SearchAction","target":{"@type":"EntryPoint","urlTemplate":"https:\/\/lamarcamalaga.com\/en\/?s={search_term_string}"},"query-input":{"@type":"PropertyValueSpecification","valueRequired":true,"valueName":"search_term_string"}}],"inLanguage":"fr-FR"},{"@type":"Organization","@id":"https:\/\/lamarcamalaga.com\/en\/#organization","name":"La Marca","alternateName":"La Marca","url":"https:\/\/lamarcamalaga.com\/en\/","logo":{"@type":"ImageObject","inLanguage":"fr-FR","@id":"https:\/\/lamarcamalaga.com\/en\/#\/schema\/logo\/image\/","url":"https:\/\/lamarcamalaga.com\/wp-content\/uploads\/2025\/03\/hor-soil.svg","contentUrl":"https:\/\/lamarcamalaga.com\/wp-content\/uploads\/2025\/03\/hor-soil.svg","width":1117,"height":268,"caption":"La Marca"},"image":{"@id":"https:\/\/lamarcamalaga.com\/en\/#\/schema\/logo\/image\/"}}]}},"_links":{"self":[{"href":"https:\/\/lamarcamalaga.com\/fr\/wp-json\/wp\/v2\/pages\/529","targetHints":{"allow":["GET"]}}],"collection":[{"href":"https:\/\/lamarcamalaga.com\/fr\/wp-json\/wp\/v2\/pages"}],"about":[{"href":"https:\/\/lamarcamalaga.com\/fr\/wp-json\/wp\/v2\/types\/page"}],"author":[{"embeddable":true,"href":"https:\/\/lamarcamalaga.com\/fr\/wp-json\/wp\/v2\/users\/1"}],"replies":[{"embeddable":true,"href":"https:\/\/lamarcamalaga.com\/fr\/wp-json\/wp\/v2\/comments?post=529"}],"version-history":[{"count":48,"href":"https:\/\/lamarcamalaga.com\/fr\/wp-json\/wp\/v2\/pages\/529\/revisions"}],"predecessor-version":[{"id":5338,"href":"https:\/\/lamarcamalaga.com\/fr\/wp-json\/wp\/v2\/pages\/529\/revisions\/5338"}],"wp:attachment":[{"href":"https:\/\/lamarcamalaga.com\/fr\/wp-json\/wp\/v2\/media?parent=529"}],"curies":[{"name":"wp","href":"https:\/\/api.w.org\/{rel}","templated":true}]}}