{"id":529,"date":"2022-07-18T12:02:01","date_gmt":"2022-07-18T12:02:01","guid":{"rendered":"https:\/\/neuronthemes.com\/conlectio\/?page_id=529"},"modified":"2025-04-22T20:36:09","modified_gmt":"2025-04-22T19:36:09","slug":"about-us","status":"publish","type":"page","link":"https:\/\/lamarcamalaga.com\/en\/about-us\/","title":{"rendered":"About us"},"content":{"rendered":"<div data-elementor-type=\"wp-page\" data-elementor-id=\"529\" class=\"elementor elementor-529\" wpc-filter-elementor-widget=\"1\">\n\t\t\t\t<div class=\"elementor-element elementor-element-79a97fd e-flex e-con-boxed e-con e-parent\" data-id=\"79a97fd\" data-element_type=\"container\" data-e-type=\"container\" data-settings=\"{&quot;background_background&quot;:&quot;classic&quot;}\">\n\t\t\t\t\t<div class=\"e-con-inner\">\n\t\t\t\t<div class=\"elementor-element elementor-element-1b80c5b elementor-widget elementor-widget-heading\" data-id=\"1b80c5b\" data-element_type=\"widget\" data-e-type=\"widget\" data-widget_type=\"heading.default\">\n\t\t\t\t<div class=\"elementor-widget-container\">\n\t\t\t\t\t<p class=\"elementor-heading-title elementor-size-default\">About us<\/p>\t\t\t\t<\/div>\n\t\t\t\t<\/div>\n\t\t\t\t<div class=\"elementor-element elementor-element-9a047b5 a-animated-heading__direction-column a-animated-heading__direction-tablet-column elementor-widget elementor-widget-neuron-animated-heading\" data-id=\"9a047b5\" data-element_type=\"widget\" data-e-type=\"widget\" data-settings=\"{&quot;animated_animation&quot;:&quot;h-neuron-animation--scaleIn&quot;,&quot;animated_text&quot;:&quot;Qui\\u00e9nes somos&quot;,&quot;neuron_animations_duration&quot;:&quot;animated-slow&quot;,&quot;animation_delay&quot;:100,&quot;style&quot;:&quot;animated&quot;,&quot;animated_type&quot;:&quot;line&quot;}\" data-widget_type=\"neuron-animated-heading.default\">\n\t\t\t\t<div class=\"elementor-widget-container\">\n\t\t\t\t\t\t\t<h1 class=\"a-animated-heading a-animated-heading--animated a-animated-heading--animated__line\" data-id=\"9a047b5\">\r\n\r\n\t\t\t\r\n\t\t\t<span class=\"a-animated-heading__text--dynamic-wrapper a-animated-heading__text\"><\/span>\r\n\r\n\t\t\t\r\n\t\t<\/h1>\r\n\t\t\t\t\t\t<\/div>\n\t\t\t\t<\/div>\n\t\t\t\t<div class=\"elementor-element elementor-element-cfb05b3 elementor-view-default elementor-widget elementor-widget-icon\" data-id=\"cfb05b3\" data-element_type=\"widget\" data-e-type=\"widget\" data-widget_type=\"icon.default\">\n\t\t\t\t<div class=\"elementor-widget-container\">\n\t\t\t\t\t\t\t<div class=\"elementor-icon-wrapper\">\n\t\t\t<div class=\"elementor-icon\">\n\t\t\t<i aria-hidden=\"true\" class=\"n-icon n-icon-chevron\"><\/i>\t\t\t<\/div>\n\t\t<\/div>\n\t\t\t\t\t\t<\/div>\n\t\t\t\t<\/div>\n\t\t\t\t\t<\/div>\n\t\t\t\t<\/div>\n\t\t<div class=\"elementor-element elementor-element-0fe4bdb e-flex e-con-boxed e-con e-parent\" data-id=\"0fe4bdb\" data-element_type=\"container\" data-e-type=\"container\" data-settings=\"{&quot;background_background&quot;:&quot;classic&quot;}\">\n\t\t\t\t\t<div class=\"e-con-inner\">\n\t\t<div class=\"elementor-element elementor-element-53604da e-con-full e-flex e-con e-child\" data-id=\"53604da\" data-element_type=\"container\" data-e-type=\"container\">\n\t\t\t\t<div class=\"elementor-element elementor-element-8e3cd9a elementor-widget elementor-widget-heading\" data-id=\"8e3cd9a\" data-element_type=\"widget\" data-e-type=\"widget\" data-widget_type=\"heading.default\">\n\t\t\t\t<div class=\"elementor-widget-container\">\n\t\t\t\t\t<h2 class=\"elementor-heading-title elementor-size-default\">Our family<\/h2>\t\t\t\t<\/div>\n\t\t\t\t<\/div>\n\t\t\t\t<div class=\"elementor-element elementor-element-facc884 elementor-widget elementor-widget-text-editor\" data-id=\"facc884\" data-element_type=\"widget\" data-e-type=\"widget\" data-widget_type=\"text-editor.default\">\n\t\t\t\t<div class=\"elementor-widget-container\">\n\t\t\t\t\t\t\t\t\t<p>At our restaurant, the art of fine dining merges with a passion for meat and wine. With over eight years of history, we\u2019ve evolved from a traditional Argentine grill into a modern culinary space \u2014 where fire remains the soul of our kitchen, but now with an innovative vision.<\/p>\n<p>Under the new direction of Alicia and Franco, we continue to honor our Argentine roots with premium cuts and exceptional wines, while also exploring new flavors and techniques\u2014like our slow-cooked beef brioche. In addition, with a WSET Level 3 wine certification, Franco is taking our wine list to the next level, curating a selection of international labels from both the Old and New Worlds.<\/p>\t\t\t\t\t\t\t\t<\/div>\n\t\t\t\t<\/div>\n\t\t\t\t<\/div>\n\t\t<div class=\"elementor-element elementor-element-52e2e8d e-con-full e-flex e-con e-child\" data-id=\"52e2e8d\" data-element_type=\"container\" data-e-type=\"container\" data-settings=\"{&quot;background_background&quot;:&quot;classic&quot;}\">\n\t\t\t\t<\/div>\n\t\t\t\t\t<\/div>\n\t\t\t\t<\/div>\n\t\t<div class=\"elementor-element elementor-element-e5b9a02 e-flex e-con-boxed e-con e-parent\" data-id=\"e5b9a02\" data-element_type=\"container\" data-e-type=\"container\" data-settings=\"{&quot;background_background&quot;:&quot;classic&quot;}\">\n\t\t\t\t\t<div class=\"e-con-inner\">\n\t\t<div class=\"elementor-element elementor-element-649a261 e-con-full e-flex e-con e-child\" data-id=\"649a261\" data-element_type=\"container\" data-e-type=\"container\">\n\t\t\t\t<div class=\"elementor-element elementor-element-65fddca elementor-widget elementor-widget-text-editor\" data-id=\"65fddca\" data-element_type=\"widget\" data-e-type=\"widget\" data-widget_type=\"text-editor.default\">\n\t\t\t\t<div class=\"elementor-widget-container\">\n\t\t\t\t\t\t\t\t\t<p>But our place is more than just its kitchen and wine cellar. Every corner has a story to tell. The structure, furniture, tables, and decor were handcrafted by our family\u2014especially by Fabi\u00e1n and Mariano, Franco\u2019s father and uncle\u2014with the intention of creating a space with soul, where every detail reflects our love for hospitality and tradition.<\/p><p>More than just a restaurant, we aspire to be a place where wine lovers\u2014and those looking to explore this fascinating world\u2014can discover, learn, teach us, and enjoy new trends. Here, good food and fine wine are savored slowly, in a unique experience that awakens the senses.<\/p>\t\t\t\t\t\t\t\t<\/div>\n\t\t\t\t<\/div>\n\t\t\t\t<\/div>\n\t\t<div class=\"elementor-element elementor-element-84983f6 e-con-full e-flex e-con e-child\" data-id=\"84983f6\" data-element_type=\"container\" data-e-type=\"container\" data-settings=\"{&quot;background_background&quot;:&quot;classic&quot;}\">\n\t\t\t\t<\/div>\n\t\t\t\t\t<\/div>\n\t\t\t\t<\/div>\n\t\t<div class=\"elementor-element elementor-element-5be9123 e-flex e-con-boxed e-con e-parent\" data-id=\"5be9123\" data-element_type=\"container\" data-e-type=\"container\" data-settings=\"{&quot;background_background&quot;:&quot;classic&quot;}\">\n\t\t\t\t\t<div class=\"e-con-inner\">\n\t\t<div class=\"elementor-element elementor-element-5419d1f e-con-full e-flex e-con e-child\" data-id=\"5419d1f\" data-element_type=\"container\" data-e-type=\"container\">\n\t\t\t\t<div class=\"elementor-element elementor-element-4d93808 neuron-dots--animation__none l-neuron-testimonial--image-inline l-neuron-testimonial--alignment__center neuron-swiper--overflow-hidden neuron-swiper--overflow-hidden neuron-swiper--overflow-hidden neuron-dots--style__bullets neuron-dots--orientation__horizontal elementor-invisible elementor-widget elementor-widget-neuron-testimonial-carousel\" data-id=\"4d93808\" data-element_type=\"widget\" data-e-type=\"widget\" data-settings=\"{&quot;navigation&quot;:&quot;dots&quot;,&quot;slides_to_scroll_mobile&quot;:&quot;1&quot;,&quot;neuron_animations_mobile&quot;:&quot;h-neuron-animation--fadeIn&quot;,&quot;slides_per_view&quot;:&quot;1&quot;,&quot;slides_per_view_tablet&quot;:&quot;1&quot;,&quot;slides_per_view_mobile&quot;:&quot;1&quot;,&quot;slides_to_scroll&quot;:&quot;1&quot;,&quot;infinite&quot;:&quot;yes&quot;,&quot;pause_on_hover&quot;:&quot;yes&quot;,&quot;autoplay&quot;:&quot;no&quot;,&quot;animation&quot;:&quot;yes&quot;,&quot;neuron_animations&quot;:&quot;h-neuron-animation--slideUp&quot;,&quot;animation_delay&quot;:100,&quot;animation_delay_reset&quot;:300,&quot;transition&quot;:&quot;slide&quot;,&quot;transition_speed&quot;:500,&quot;space_between&quot;:{&quot;unit&quot;:&quot;px&quot;,&quot;size&quot;:30,&quot;sizes&quot;:[]},&quot;space_between_tablet&quot;:{&quot;unit&quot;:&quot;px&quot;,&quot;size&quot;:10,&quot;sizes&quot;:[]},&quot;space_between_mobile&quot;:{&quot;unit&quot;:&quot;px&quot;,&quot;size&quot;:10,&quot;sizes&quot;:[]},&quot;dots_style&quot;:&quot;bullets&quot;}\" data-widget_type=\"neuron-testimonial-carousel.default\">\n\t\t\t\t<div class=\"elementor-widget-container\">\n\t\t\t\t\t\t\t<div class=\"neuron-swiper\">\r\n\t\t\t<div class=\"neuron-slides-wrapper neuron-main-swiper swiper-container\" data-animation-id=\"f9a51c0c7eaebf5710eb3aa5c614182e\">\r\n\t\t\t\t\t\t\t\t<div class=\"swiper-wrapper neuron-slides\">\r\n\t\t\t\t\t\t\t\t\t\t\t<div class=\"m-neuron-testimonial h-neuron-animation--wow elementor-repeater-item-8ba93a1 swiper-slide\">\r\n\t\t\t\t\t\t\t\t\t\t\t\t\t\t\t\t\t\t\t\t\t\t<div class=\"m-neuron-testimonial__content\">\r\n\t\t\t\t\t\t\t\t\t\t\t\t\t\t\t\t\t\t\t<div class=\"m-neuron-testimonial__text\">\"Cooking requires immense generosity, and like good wine, it only gets better with time and passion.\"<\/div>\r\n\t\t\t\t\t\t\t\t\t\t\t\t\t\t\t\t\t\t\t\t\t\t\t\t\t\t<\/div>\r\n\t\t\t\t\t\t\t\t\t\t\t\t\t\t<div class=\"m-neuron-testimonial__footer\">\r\n\t\t\t\t\t\t\t\t\t\t\t\t\t\t\t\t\t\t\t\t\t\t\t\t\t<div class=\"m-neuron-testimonial__cite\">\r\n\t\t\t\t\t\t\t\t\t\t\t\t\t\t\t\t\t\t\t\t\t<span class=\"m-neuron-testimonial__name\">Ferran Adri\u00e0<\/span>\r\n\t\t\t\t\t\t\t\t\t\t\t\t\t\t\t\t\t\t\t\t\t\t\t\t\t\t\t\t\t<\/div>\r\n\t\t\t\t\t\t\t\t\t\t\t\t\t\t\t<\/div>\r\n\t\t\t\t\t\t<\/div>\r\n\t\t\t\t\t\t\t\t\t\t\t<div class=\"m-neuron-testimonial h-neuron-animation--wow elementor-repeater-item-557a01f swiper-slide\">\r\n\t\t\t\t\t\t\t\t\t\t\t\t\t\t\t\t\t\t\t\t\t\t<div class=\"m-neuron-testimonial__content\">\r\n\t\t\t\t\t\t\t\t\t\t\t\t\t\t\t\t\t\t\t<div class=\"m-neuron-testimonial__text\">\"Wine turns every meal into an event, every table into a more elegant place, and every day into something special.\"<\/div>\r\n\t\t\t\t\t\t\t\t\t\t\t\t\t\t\t\t\t\t\t\t\t\t\t\t\t\t<\/div>\r\n\t\t\t\t\t\t\t\t\t\t\t\t\t\t<div class=\"m-neuron-testimonial__footer\">\r\n\t\t\t\t\t\t\t\t\t\t\t\t\t\t\t\t\t\t\t\t\t\t\t\t\t<div class=\"m-neuron-testimonial__cite\">\r\n\t\t\t\t\t\t\t\t\t\t\t\t\t\t\t\t\t\t\t\t\t<span class=\"m-neuron-testimonial__name\">Andr\u00e9 Simon<\/span>\r\n\t\t\t\t\t\t\t\t\t\t\t\t\t\t\t\t\t\t\t\t\t\t\t\t\t\t\t\t\t<\/div>\r\n\t\t\t\t\t\t\t\t\t\t\t\t\t\t\t<\/div>\r\n\t\t\t\t\t\t<\/div>\r\n\t\t\t\t\t\t\t\t\t\t\t<div class=\"m-neuron-testimonial h-neuron-animation--wow elementor-repeater-item-63a19d9 swiper-slide\">\r\n\t\t\t\t\t\t\t\t\t\t\t\t\t\t\t\t\t\t\t\t\t\t<div class=\"m-neuron-testimonial__content\">\r\n\t\t\t\t\t\t\t\t\t\t\t\t\t\t\t\t\t\t\t<div class=\"m-neuron-testimonial__text\">\"The discovery of a new dish contributes more to the happiness of humanity than the discovery of a star.\"<\/div>\r\n\t\t\t\t\t\t\t\t\t\t\t\t\t\t\t\t\t\t\t\t\t\t\t\t\t\t<\/div>\r\n\t\t\t\t\t\t\t\t\t\t\t\t\t\t<div class=\"m-neuron-testimonial__footer\">\r\n\t\t\t\t\t\t\t\t\t\t\t\t\t\t\t\t\t\t\t\t\t\t\t\t\t<div class=\"m-neuron-testimonial__cite\">\r\n\t\t\t\t\t\t\t\t\t\t\t\t\t\t\t\t\t\t\t\t\t<span class=\"m-neuron-testimonial__name\">Jean Anthelme Brillat-Savarin<\/span>\r\n\t\t\t\t\t\t\t\t\t\t\t\t\t\t\t\t\t\t\t\t\t\t\t\t\t\t\t\t\t<\/div>\r\n\t\t\t\t\t\t\t\t\t\t\t\t\t\t\t<\/div>\r\n\t\t\t\t\t\t<\/div>\r\n\t\t\t\t\t\t\t\t\t<\/div>\r\n\t\t\t<\/div>\r\n\r\n\t\t\t\r\n\t\t\t\t\r\n\t\t\t\t\t\t\t\t\t<div class=\"swiper-pagination neuron-swiper-dots\"><\/div>\r\n\t\t\t\t\t\t\t\t\r\n\t\t\t\t\r\n\t\t\t\t\t\t\t\r\n\t\t<\/div>\r\n\t\t\t\t\t\t<\/div>\n\t\t\t\t<\/div>\n\t\t\t\t<\/div>\n\t\t\t\t\t<\/div>\n\t\t\t\t<\/div>\n\t\t\t\t<\/div>","protected":false},"excerpt":{"rendered":"<p>Nosotros Nuestra familia En nuestro restaurante, el arte de la buena mesa se fusiona con la pasi\u00f3n por la carne y el vino. Con m\u00e1s de ocho a\u00f1os de historia, evolucionamos de una tradicional parrilla Argentina a un espacio gastron\u00f3mico moderno, donde el fuego sigue siendo el alma de nuestra cocina, pero con una visi\u00f3n&#8230;<\/p>","protected":false},"author":1,"featured_media":0,"parent":0,"menu_order":0,"comment_status":"closed","ping_status":"closed","template":"","meta":{"_acf_changed":false,"footnotes":""},"class_list":["post-529","page","type-page","status-publish","hentry"],"acf":[],"yoast_head":"<!-- This site is optimized with the Yoast SEO plugin v27.5 - https:\/\/yoast.com\/product\/yoast-seo-wordpress\/ -->\n<title>Nosotros - La Marca<\/title>\n<meta name=\"robots\" content=\"index, follow, max-snippet:-1, max-image-preview:large, max-video-preview:-1\" \/>\n<link rel=\"canonical\" href=\"https:\/\/lamarcamalaga.com\/en\/about-us\/\" \/>\n<meta property=\"og:locale\" content=\"en_US\" \/>\n<meta property=\"og:type\" content=\"article\" \/>\n<meta property=\"og:title\" content=\"Nosotros - La Marca\" \/>\n<meta property=\"og:description\" content=\"Nosotros Nuestra familia En nuestro restaurante, el arte de la buena mesa se fusiona con la pasi\u00f3n por la carne y el vino. Con m\u00e1s de ocho a\u00f1os de historia, evolucionamos de una tradicional parrilla Argentina a un espacio gastron\u00f3mico moderno, donde el fuego sigue siendo el alma de nuestra cocina, pero con una visi\u00f3n...\" \/>\n<meta property=\"og:url\" content=\"https:\/\/lamarcamalaga.com\/en\/about-us\/\" \/>\n<meta property=\"og:site_name\" content=\"La Marca\" \/>\n<meta property=\"article:modified_time\" content=\"2025-04-22T19:36:09+00:00\" \/>\n<meta property=\"og:image\" content=\"https:\/\/lamarcamalaga.com\/wp-content\/uploads\/2025\/04\/hero-scaled.jpg\" \/>\n\t<meta property=\"og:image:width\" content=\"2560\" \/>\n\t<meta property=\"og:image:height\" content=\"1707\" \/>\n\t<meta property=\"og:image:type\" content=\"image\/jpeg\" \/>\n<meta name=\"twitter:card\" content=\"summary_large_image\" \/>\n<meta name=\"twitter:label1\" content=\"Est. reading time\" \/>\n\t<meta name=\"twitter:data1\" content=\"2 minutes\" \/>\n<script type=\"application\/ld+json\" class=\"yoast-schema-graph\">{\"@context\":\"https:\\\/\\\/schema.org\",\"@graph\":[{\"@type\":\"WebPage\",\"@id\":\"https:\\\/\\\/lamarcamalaga.com\\\/about-us\\\/\",\"url\":\"https:\\\/\\\/lamarcamalaga.com\\\/about-us\\\/\",\"name\":\"Nosotros - La Marca\",\"isPartOf\":{\"@id\":\"https:\\\/\\\/lamarcamalaga.com\\\/en\\\/#website\"},\"datePublished\":\"2022-07-18T12:02:01+00:00\",\"dateModified\":\"2025-04-22T19:36:09+00:00\",\"breadcrumb\":{\"@id\":\"https:\\\/\\\/lamarcamalaga.com\\\/about-us\\\/#breadcrumb\"},\"inLanguage\":\"en-US\",\"potentialAction\":[{\"@type\":\"ReadAction\",\"target\":[\"https:\\\/\\\/lamarcamalaga.com\\\/about-us\\\/\"]}]},{\"@type\":\"BreadcrumbList\",\"@id\":\"https:\\\/\\\/lamarcamalaga.com\\\/about-us\\\/#breadcrumb\",\"itemListElement\":[{\"@type\":\"ListItem\",\"position\":1,\"name\":\"Portada\",\"item\":\"https:\\\/\\\/lamarcamalaga.com\\\/\"},{\"@type\":\"ListItem\",\"position\":2,\"name\":\"Nosotros\"}]},{\"@type\":\"WebSite\",\"@id\":\"https:\\\/\\\/lamarcamalaga.com\\\/en\\\/#website\",\"url\":\"https:\\\/\\\/lamarcamalaga.com\\\/en\\\/\",\"name\":\"La Marca\",\"description\":\"Restaurante en M\u00e1laga\",\"publisher\":{\"@id\":\"https:\\\/\\\/lamarcamalaga.com\\\/en\\\/#organization\"},\"alternateName\":\"La Marca\",\"potentialAction\":[{\"@type\":\"SearchAction\",\"target\":{\"@type\":\"EntryPoint\",\"urlTemplate\":\"https:\\\/\\\/lamarcamalaga.com\\\/en\\\/?s={search_term_string}\"},\"query-input\":{\"@type\":\"PropertyValueSpecification\",\"valueRequired\":true,\"valueName\":\"search_term_string\"}}],\"inLanguage\":\"en-US\"},{\"@type\":\"Organization\",\"@id\":\"https:\\\/\\\/lamarcamalaga.com\\\/en\\\/#organization\",\"name\":\"La Marca\",\"alternateName\":\"La Marca\",\"url\":\"https:\\\/\\\/lamarcamalaga.com\\\/en\\\/\",\"logo\":{\"@type\":\"ImageObject\",\"inLanguage\":\"en-US\",\"@id\":\"https:\\\/\\\/lamarcamalaga.com\\\/en\\\/#\\\/schema\\\/logo\\\/image\\\/\",\"url\":\"https:\\\/\\\/lamarcamalaga.com\\\/wp-content\\\/uploads\\\/2025\\\/03\\\/hor-soil.svg\",\"contentUrl\":\"https:\\\/\\\/lamarcamalaga.com\\\/wp-content\\\/uploads\\\/2025\\\/03\\\/hor-soil.svg\",\"width\":1117,\"height\":268,\"caption\":\"La Marca\"},\"image\":{\"@id\":\"https:\\\/\\\/lamarcamalaga.com\\\/en\\\/#\\\/schema\\\/logo\\\/image\\\/\"}}]}<\/script>\n<!-- \/ Yoast SEO plugin. -->","yoast_head_json":{"title":"Nosotros - La Marca","robots":{"index":"index","follow":"follow","max-snippet":"max-snippet:-1","max-image-preview":"max-image-preview:large","max-video-preview":"max-video-preview:-1"},"canonical":"https:\/\/lamarcamalaga.com\/en\/about-us\/","og_locale":"en_US","og_type":"article","og_title":"Nosotros - La Marca","og_description":"Nosotros Nuestra familia En nuestro restaurante, el arte de la buena mesa se fusiona con la pasi\u00f3n por la carne y el vino. Con m\u00e1s de ocho a\u00f1os de historia, evolucionamos de una tradicional parrilla Argentina a un espacio gastron\u00f3mico moderno, donde el fuego sigue siendo el alma de nuestra cocina, pero con una visi\u00f3n...","og_url":"https:\/\/lamarcamalaga.com\/en\/about-us\/","og_site_name":"La Marca","article_modified_time":"2025-04-22T19:36:09+00:00","og_image":[{"width":2560,"height":1707,"url":"https:\/\/lamarcamalaga.com\/wp-content\/uploads\/2025\/04\/hero-scaled.jpg","type":"image\/jpeg"}],"twitter_card":"summary_large_image","twitter_misc":{"Est. reading time":"2 minutes"},"schema":{"@context":"https:\/\/schema.org","@graph":[{"@type":"WebPage","@id":"https:\/\/lamarcamalaga.com\/about-us\/","url":"https:\/\/lamarcamalaga.com\/about-us\/","name":"Nosotros - La Marca","isPartOf":{"@id":"https:\/\/lamarcamalaga.com\/en\/#website"},"datePublished":"2022-07-18T12:02:01+00:00","dateModified":"2025-04-22T19:36:09+00:00","breadcrumb":{"@id":"https:\/\/lamarcamalaga.com\/about-us\/#breadcrumb"},"inLanguage":"en-US","potentialAction":[{"@type":"ReadAction","target":["https:\/\/lamarcamalaga.com\/about-us\/"]}]},{"@type":"BreadcrumbList","@id":"https:\/\/lamarcamalaga.com\/about-us\/#breadcrumb","itemListElement":[{"@type":"ListItem","position":1,"name":"Portada","item":"https:\/\/lamarcamalaga.com\/"},{"@type":"ListItem","position":2,"name":"Nosotros"}]},{"@type":"WebSite","@id":"https:\/\/lamarcamalaga.com\/en\/#website","url":"https:\/\/lamarcamalaga.com\/en\/","name":"La Marca","description":"Restaurante en M\u00e1laga","publisher":{"@id":"https:\/\/lamarcamalaga.com\/en\/#organization"},"alternateName":"La Marca","potentialAction":[{"@type":"SearchAction","target":{"@type":"EntryPoint","urlTemplate":"https:\/\/lamarcamalaga.com\/en\/?s={search_term_string}"},"query-input":{"@type":"PropertyValueSpecification","valueRequired":true,"valueName":"search_term_string"}}],"inLanguage":"en-US"},{"@type":"Organization","@id":"https:\/\/lamarcamalaga.com\/en\/#organization","name":"La Marca","alternateName":"La Marca","url":"https:\/\/lamarcamalaga.com\/en\/","logo":{"@type":"ImageObject","inLanguage":"en-US","@id":"https:\/\/lamarcamalaga.com\/en\/#\/schema\/logo\/image\/","url":"https:\/\/lamarcamalaga.com\/wp-content\/uploads\/2025\/03\/hor-soil.svg","contentUrl":"https:\/\/lamarcamalaga.com\/wp-content\/uploads\/2025\/03\/hor-soil.svg","width":1117,"height":268,"caption":"La Marca"},"image":{"@id":"https:\/\/lamarcamalaga.com\/en\/#\/schema\/logo\/image\/"}}]}},"_links":{"self":[{"href":"https:\/\/lamarcamalaga.com\/en\/wp-json\/wp\/v2\/pages\/529","targetHints":{"allow":["GET"]}}],"collection":[{"href":"https:\/\/lamarcamalaga.com\/en\/wp-json\/wp\/v2\/pages"}],"about":[{"href":"https:\/\/lamarcamalaga.com\/en\/wp-json\/wp\/v2\/types\/page"}],"author":[{"embeddable":true,"href":"https:\/\/lamarcamalaga.com\/en\/wp-json\/wp\/v2\/users\/1"}],"replies":[{"embeddable":true,"href":"https:\/\/lamarcamalaga.com\/en\/wp-json\/wp\/v2\/comments?post=529"}],"version-history":[{"count":48,"href":"https:\/\/lamarcamalaga.com\/en\/wp-json\/wp\/v2\/pages\/529\/revisions"}],"predecessor-version":[{"id":5338,"href":"https:\/\/lamarcamalaga.com\/en\/wp-json\/wp\/v2\/pages\/529\/revisions\/5338"}],"wp:attachment":[{"href":"https:\/\/lamarcamalaga.com\/en\/wp-json\/wp\/v2\/media?parent=529"}],"curies":[{"name":"wp","href":"https:\/\/api.w.org\/{rel}","templated":true}]}}